{"id":191,"date":"2018-05-17T18:04:25","date_gmt":"2018-05-17T18:04:25","guid":{"rendered":"https:\/\/c2rz97kd.c2.suncomet.fi\/isk\/?page_id=191"},"modified":"2019-07-03T16:15:04","modified_gmt":"2019-07-03T16:15:04","slug":"yleisolle","status":"publish","type":"page","link":"http:\/\/www.iiseudunkelkkailijat.com\/watercross\/yleisolle\/","title":{"rendered":"Yleis\u00f6lle"},"content":{"rendered":"<p style=\"text-align: center;\">Isk Watercross j\u00e4rjestet\u00e4\u00e4n Ii:n Illinsaaressa, Illinsaarentie 18, 91100 Ii.<\/p>\n<p style=\"text-align: center;\">Kilpailut alkavat klo 10.00 ja p\u00e4\u00e4ttyv\u00e4t n. klo 18.00 palkintojen jakoon.<\/p>\n<p style=\"text-align: center;\">Lipun hinta on 10\u20ac\/kpl, alle 12 vuotiaat ilmaiseksi. Ennakkoliput <a href=\"http:\/\/Tiketti.fi\" target=\"_blank\" rel=\"noopener\">Tiketti.fi,<\/a> maksuv\u00e4lineeksi verkossa k\u00e4y mm.kulttuuripassi \/e-passi. Yrityksill\u00e4 on mahdollisuus ostaa juomalippuja ennakkoon hintaan 6\u20ac\/kpl, 10kpl nipuissa. Tilaukset watercross@iiseudunkelkkailijat.com.<\/p>\n<p style=\"text-align: center;\">Paikan p\u00e4\u00e4ll\u00e4 lippujen myynti on kolmella eri sis\u00e4\u00e4nk\u00e4ynnin porteilla.<br \/>\nK\u00e4teinen nopeuttaa maksamista, mutta korttimaksu on my\u00f6s mahdollinen.<\/p>\n<p style=\"text-align: center;\">Kisa-alueella on ruuan, makkaran ja virvokkeiden myynti\u00e4 sek\u00e4 anniskelualue. Omien alkoholijuomien tuonti on kielletty. Edellisen vuoden j\u00e4rjestelyit\u00e4 on parannettu lis\u00e4\u00e4m\u00e4ll\u00e4 ruokapisteit\u00e4 sek\u00e4 WC:it\u00e4. Tapahtuma-alueella l\u00f6ytyy my\u00f6s vesipiste, jossa on mahdollista t\u00e4ytt\u00e4\u00e4 omia vesipulloja.<\/p>\n<p style=\"text-align: center;\">Opastus on 4-tielt\u00e4. Parkkialueita on kaksi kappaletta. Etel\u00e4st\u00e4 tulijoille on opastus <strong>illinsaarentie 74<\/strong> osoitteeseen, miss\u00e4 sijaitsee Iin urheilukeskus sek\u00e4 <strong>P1 parkki<\/strong>. Pohjoisesta saapuville on opasteet<br \/>\n<strong>konintie 16<\/strong> kohdalle, josta k\u00e4\u00e4nnyt\u00e4\u00e4n joenrantaan paikoitusalueella <strong>P2<\/strong>. Molemmilta parkkialueilta on noin 500m k\u00e4velymatka kilpailualueelle. Vammaisen pys\u00e4k\u00f6intiluvalla on mahdollisuus p\u00e4\u00e4st\u00e4 autolla l\u00e4hemm\u00e4ksi tapahtualuetta. T\u00e4ll\u00f6in kulku tapahtuu P1 parkin kautta. Tapahtuma-alueella on illinsaarentie katkaistu, joten l\u00e4piajoliikennett\u00e4 alueella ei sallita. 4-tien toisella puolella olevan hautausmaan parkkipaikkojen k\u00e4ytt\u00f6 on kielletty.<\/p>\n<p style=\"text-align: center;\">Katselualueet jakaantuvat kahteen paikkaan. Toinen on varikkoalueen ymp\u00e4rist\u00f6ss\u00e4, josta my\u00f6s l\u00e4hd\u00f6t tapahtuu. Toinen katselualueista\u00a0 sijaitsee kilpailukeskuksesta etel\u00e4\u00e4n Iin keskustaan p\u00e4in kevyenliikenteen sillan toisella puolella. T\u00e4lt\u00e4 puolelta on erinomaiset n\u00e4kym\u00e4t koko rata-alueelle. T\u00e4ll\u00e4 alueella sijaitsee my\u00f6s k-18 anniskelualue.<br \/>\nYleis\u00f6ll\u00e4 on mahdollisuus osallistua Iin Kotipitsan lahjakorttien arvontaan lipunmyyntipisteiss\u00e4. Palkintoina on 10kpl 15\u20ac lahjakortteja.<\/p>\n<p style=\"text-align: center;\">Kuuluttajana toimii Jarkko Yll\u00e4sj\u00e4rvi.<\/p>\n<p style=\"text-align: center;\">Tervetuloa!!!<\/p>\n<p>&nbsp;<\/p>\n<p><a href=\"http:\/\/www.iiseudunkelkkailijat.com\/watercross\/wp-content\/uploads\/2019\/07\/aluekartta.jpg\"><img decoding=\"async\" loading=\"lazy\" class=\"alignnone size-medium wp-image-406\" src=\"http:\/\/www.iiseudunkelkkailijat.com\/watercross\/wp-content\/uploads\/2019\/07\/aluekartta-229x300.jpg\" alt=\"\" width=\"229\" height=\"300\" srcset=\"http:\/\/www.iiseudunkelkkailijat.com\/watercross\/wp-content\/uploads\/2019\/07\/aluekartta-229x300.jpg 229w, http:\/\/www.iiseudunkelkkailijat.com\/watercross\/wp-content\/uploads\/2019\/07\/aluekartta-768x1006.jpg 768w, http:\/\/www.iiseudunkelkkailijat.com\/watercross\/wp-content\/uploads\/2019\/07\/aluekartta-782x1024.jpg 782w, http:\/\/www.iiseudunkelkkailijat.com\/watercross\/wp-content\/uploads\/2019\/07\/aluekartta-1240x1624.jpg 1240w, http:\/\/www.iiseudunkelkkailijat.com\/watercross\/wp-content\/uploads\/2019\/07\/aluekartta-508x665.jpg 508w, http:\/\/www.iiseudunkelkkailijat.com\/watercross\/wp-content\/uploads\/2019\/07\/aluekartta.jpg 1622w\" sizes=\"(max-width: 229px) 100vw, 229px\" \/>\u00a0\u00a0\u00a0\u00a0\u00a0\u00a0<\/a><a href=\"http:\/\/www.iiseudunkelkkailijat.com\/watercross\/wp-content\/uploads\/2019\/07\/Ii_1K2000.jpg\"><img decoding=\"async\" loading=\"lazy\" class=\"alignnone size-medium wp-image-407\" src=\"http:\/\/www.iiseudunkelkkailijat.com\/watercross\/wp-content\/uploads\/2019\/07\/Ii_1K2000-281x300.jpg\" alt=\"\" width=\"281\" height=\"300\" srcset=\"http:\/\/www.iiseudunkelkkailijat.com\/watercross\/wp-content\/uploads\/2019\/07\/Ii_1K2000-281x300.jpg 281w, http:\/\/www.iiseudunkelkkailijat.com\/watercross\/wp-content\/uploads\/2019\/07\/Ii_1K2000-768x820.jpg 768w, http:\/\/www.iiseudunkelkkailijat.com\/watercross\/wp-content\/uploads\/2019\/07\/Ii_1K2000-959x1024.jpg 959w, http:\/\/www.iiseudunkelkkailijat.com\/watercross\/wp-content\/uploads\/2019\/07\/Ii_1K2000-508x543.jpg 508w, http:\/\/www.iiseudunkelkkailijat.com\/watercross\/wp-content\/uploads\/2019\/07\/Ii_1K2000.jpg 1200w\" sizes=\"(max-width: 281px) 100vw, 281px\" \/><\/a><\/p>\n","protected":false},"excerpt":{"rendered":"<p>Isk Watercross j\u00e4rjestet\u00e4\u00e4n Ii:n Illinsaaressa, Illinsaarentie 18, 91100 Ii. Kilpailut alkavat klo 10.00 ja p\u00e4\u00e4ttyv\u00e4t n. klo 18.00 palkintojen jakoon. Lipun hinta on 10\u20ac\/kpl, alle 12 vuotiaat ilmaiseksi. Ennakkoliput Tiketti.fi, maksuv\u00e4lineeksi verkossa k\u00e4y mm.kulttuuripassi \/e-passi. Yrityksill\u00e4 on mahdollisuus ostaa juomalippuja ennakkoon hintaan 6\u20ac\/kpl, 10kpl nipuissa. Tilaukset watercross@iiseudunkelkkailijat.com. Paikan p\u00e4\u00e4ll\u00e4 lippujen myynti on kolmella eri sis\u00e4\u00e4nk\u00e4ynnin [&hellip;]<\/p>\n","protected":false},"author":1,"featured_media":0,"parent":0,"menu_order":0,"comment_status":"closed","ping_status":"closed","template":"","meta":[],"_links":{"self":[{"href":"http:\/\/www.iiseudunkelkkailijat.com\/watercross\/wp-json\/wp\/v2\/pages\/191"}],"collection":[{"href":"http:\/\/www.iiseudunkelkkailijat.com\/watercross\/wp-json\/wp\/v2\/pages"}],"about":[{"href":"http:\/\/www.iiseudunkelkkailijat.com\/watercross\/wp-json\/wp\/v2\/types\/page"}],"author":[{"embeddable":true,"href":"http:\/\/www.iiseudunkelkkailijat.com\/watercross\/wp-json\/wp\/v2\/users\/1"}],"replies":[{"embeddable":true,"href":"http:\/\/www.iiseudunkelkkailijat.com\/watercross\/wp-json\/wp\/v2\/comments?post=191"}],"version-history":[{"count":11,"href":"http:\/\/www.iiseudunkelkkailijat.com\/watercross\/wp-json\/wp\/v2\/pages\/191\/revisions"}],"predecessor-version":[{"id":408,"href":"http:\/\/www.iiseudunkelkkailijat.com\/watercross\/wp-json\/wp\/v2\/pages\/191\/revisions\/408"}],"wp:attachment":[{"href":"http:\/\/www.iiseudunkelkkailijat.com\/watercross\/wp-json\/wp\/v2\/media?parent=191"}],"curies":[{"name":"wp","href":"https:\/\/api.w.org\/{rel}","templated":true}]}}