{"id":201,"date":"2018-05-17T18:14:33","date_gmt":"2018-05-17T18:14:33","guid":{"rendered":"https:\/\/c2rz97kd.c2.suncomet.fi\/isk\/?page_id=201"},"modified":"2019-07-05T04:18:49","modified_gmt":"2019-07-05T04:18:49","slug":"kilpailijoille","status":"publish","type":"page","link":"http:\/\/www.iiseudunkelkkailijat.com\/watercross\/kilpailijoille\/","title":{"rendered":"Kilpailijoille"},"content":{"rendered":"<p style=\"text-align: center;\">Kilpailut alkavat 6.7.2019\u00a0 klo 10.00 ja p\u00e4\u00e4ttyv\u00e4t samana p\u00e4iv\u00e4n\u00e4 n. klo 18.00 palkintojen jakoon. Kilpailijoiden on oltava paikalla kilpailup\u00e4iv\u00e4n\u00e4 viimeist\u00e4\u00e4n klo 8.00(ilmoittautuminen)<\/p>\n<p style=\"text-align: center;\">Kilpailunjohtajana toimii Erkki Misikangas ja katsastusp\u00e4\u00e4llikk\u00f6n\u00e4 Hy\u00f6tyl\u00e4 Jarno. Tapahtuman j\u00e4rjest\u00e4\u00e4 Iiseudunkelkkailijat Ry.<\/p>\n<p style=\"text-align: center;\">\u00a0<strong>Aikataulu<\/strong><\/p>\n<p style=\"text-align: center;\">\u00a08.00 ilmoittautumiset<br \/>\n8.30 alkaen katsastukset<br \/>\n9.30 ohjaajakokous<br \/>\n10.00 ekat l\u00e4h\u00f6t<\/p>\n<p style=\"text-align: center;\"><strong>Kilpailupaikka<\/strong><br \/>\nIllin saaren uimanranta, Illinsaarentie 18, 91100 Ii.<br \/>\nOpastus 4-tielt\u00e4.<\/p>\n<p style=\"text-align: center;\"><strong>Luokat<\/strong><br \/>\nKansallinen<br \/>\nWatercross: Open<br \/>\nWatercross: Harraste<br \/>\nWatercross: alle 600<br \/>\nWatercross: Naiset, mik\u00e4li osallistujia viisi tai enemm\u00e4n<\/p>\n<p style=\"text-align: center;\"><strong>Maksut<\/strong><br \/>\nOsalistumimaksu: 50\u20ac\/luokka.<\/p>\n<p style=\"text-align: center;\">Kertalisenssit ja ilmoittautuminen SML Motti palvelun kautta.<\/p>\n<p style=\"text-align: center;\"><strong>Mekaanikot<\/strong><br \/>\nMekaanikkoja sallitaan kaksi \/ kisakuljettaja. Varikkoalueelle on p\u00e4\u00e4sy vain kuskilla ja mekaanikoilla.<\/p>\n<p style=\"text-align: center;\"><strong>Palkinnot<\/strong><br \/>\nISK Watercross palkintoina on hienon pokaalin lis\u00e4si lahjakortti:<br \/>\nOpen luokan 1. Sija 500 \u20ac, 2. Sija 300 \u20ac ja 3. Sija 200 \u20ac.<br \/>\nHarraste, alle 600 ja naiset luokissa lahjakortin arvo 1. Sija 400 \u20ac, 2 sija 300 \u20ac ja 3. Sija 200 \u20ac.<br \/>\nLis\u00e4ksi finaalil\u00e4ht\u00f6ihin ilmoittautui kummeja seuraavasti:<br \/>\nOpen: Daily Motors 250\u20ac lahjakortilla liikkeen varaosiin ja tarvikkeisiin.<br \/>\nAlle 600: Iin konevuokraamo 180\u20ac lahjakortti<br \/>\nHarraste: Iin konevuokraamo 150\u20ac lahjakortti<br \/>\nNaiset: Kelkkakuume 100\u20ac lahjakortti<\/p>\n<p style=\"text-align: center;\"><strong>Ilmoittautuminen<\/strong><\/p>\n<p style=\"text-align: center;\">Ilmoittautuminen alkaa <strong>1.6.2019<\/strong>.<br \/>\nIlmoittautuminen p\u00e4\u00e4ttyy <strong>2.7.2019 klo. 23:59<\/strong>.<br \/>\n<strong>J\u00e4lki-ilmoittautuminen 100\u20ac<\/strong>.<\/p>\n<p style=\"text-align: center;\"><a href=\"https:\/\/motti.moottoriliitto.fi\/sml\/fi\/publicEvents\" target=\"_blank\" rel=\"noopener\"><strong>ILMOITTAUDU &gt;&gt;<\/strong><\/a><\/p>\n<p>&nbsp;<\/p>\n<p style=\"text-align: center;\"><a href=\"http:\/\/www.iiseudunkelkkailijat.com\/watercross\/kilpailijoille\/ilmoittautuneet\/\"><strong>ILMOITTAUTUNEET &gt;&gt;<\/strong><\/a><\/p>\n<p><iframe loading=\"lazy\" style=\"border: 0;\" src=\"https:\/\/www.google.com\/maps\/embed?pb=!1m18!1m12!1m3!1d1665.2724703392205!2d25.378675052148576!3d65.33068072307111!2m3!1f0!2f0!3f0!3m2!1i1024!2i768!4f13.1!3m3!1m2!1s0x442a9c978c669fd3%3A0xfb5494b3759f3b53!2sIllinsaarentie+18%2C+91100+Ii!5e0!3m2!1sfi!2sfi!4v1529648523496\" width=\"600\" height=\"450\" frameborder=\"0\" allowfullscreen=\"allowfullscreen\"><\/iframe><\/p>\n","protected":false},"excerpt":{"rendered":"<p>Kilpailut alkavat 6.7.2019\u00a0 klo 10.00 ja p\u00e4\u00e4ttyv\u00e4t samana p\u00e4iv\u00e4n\u00e4 n. klo 18.00 palkintojen jakoon. Kilpailijoiden on oltava paikalla kilpailup\u00e4iv\u00e4n\u00e4 viimeist\u00e4\u00e4n klo 8.00(ilmoittautuminen) Kilpailunjohtajana toimii Erkki Misikangas ja katsastusp\u00e4\u00e4llikk\u00f6n\u00e4 Hy\u00f6tyl\u00e4 Jarno. Tapahtuman j\u00e4rjest\u00e4\u00e4 Iiseudunkelkkailijat Ry. \u00a0Aikataulu \u00a08.00 ilmoittautumiset 8.30 alkaen katsastukset 9.30 ohjaajakokous 10.00 ekat l\u00e4h\u00f6t Kilpailupaikka Illin saaren uimanranta, Illinsaarentie 18, 91100 Ii. Opastus 4-tielt\u00e4. [&hellip;]<\/p>\n","protected":false},"author":1,"featured_media":0,"parent":0,"menu_order":0,"comment_status":"closed","ping_status":"closed","template":"","meta":[],"_links":{"self":[{"href":"http:\/\/www.iiseudunkelkkailijat.com\/watercross\/wp-json\/wp\/v2\/pages\/201"}],"collection":[{"href":"http:\/\/www.iiseudunkelkkailijat.com\/watercross\/wp-json\/wp\/v2\/pages"}],"about":[{"href":"http:\/\/www.iiseudunkelkkailijat.com\/watercross\/wp-json\/wp\/v2\/types\/page"}],"author":[{"embeddable":true,"href":"http:\/\/www.iiseudunkelkkailijat.com\/watercross\/wp-json\/wp\/v2\/users\/1"}],"replies":[{"embeddable":true,"href":"http:\/\/www.iiseudunkelkkailijat.com\/watercross\/wp-json\/wp\/v2\/comments?post=201"}],"version-history":[{"count":18,"href":"http:\/\/www.iiseudunkelkkailijat.com\/watercross\/wp-json\/wp\/v2\/pages\/201\/revisions"}],"predecessor-version":[{"id":410,"href":"http:\/\/www.iiseudunkelkkailijat.com\/watercross\/wp-json\/wp\/v2\/pages\/201\/revisions\/410"}],"wp:attachment":[{"href":"http:\/\/www.iiseudunkelkkailijat.com\/watercross\/wp-json\/wp\/v2\/media?parent=201"}],"curies":[{"name":"wp","href":"https:\/\/api.w.org\/{rel}","templated":true}]}}