{"id":283,"date":"2018-04-24T18:51:52","date_gmt":"2018-04-24T18:51:52","guid":{"rendered":"https:\/\/c2rz97kd.c2.suncomet.fi\/isk\/?page_id=2"},"modified":"2019-05-22T16:12:44","modified_gmt":"2019-05-22T16:12:44","slug":"sample-page","status":"publish","type":"page","link":"http:\/\/www.iiseudunkelkkailijat.com\/watercross\/","title":{"rendered":"ISK Watercross"},"content":{"rendered":"<p style=\"text-align: center;\">Watercross on suljetulla vesialueella moottorikelkalla veden p\u00e4\u00e4ll\u00e4 ajettava watercross-kilpailu. Watercross ajetaan Iijoella ensimm\u00e4ist\u00e4 kertaa. L\u00e4ht\u00f6- ja maali alueet sijaitsevat Vihkosaaren uimarannalla.<\/p>\n<p style=\"text-align: center;\">Kilpailut ovat avoimet tehdasvalmisteisille ja itse rakennetuille moottorikelkoille, jotka t\u00e4ytt\u00e4v\u00e4t Suomen moottoriliiton turvallisuusvaatimukset ja urheilus\u00e4\u00e4nn\u00f6st\u00f6n vaatimukset. Moottorit ovat joko 2-tahtisia tai 4-tahtisia. Moottorikelkoissa on erityiset m\u00e4\u00e4r\u00e4ykset mm. \u00e4\u00e4nen, polttoaineen, \u00f6ljyjen osalta, siten ett\u00e4 niiden k\u00e4ytt\u00f6\u00e4 on rajoitettu sek\u00e4 polttoaineiden ulosp\u00e4\u00e4sy on estetty.<\/p>\n<p style=\"text-align: center;\">Tervetuloa koko perheell\u00e4!<\/p>\n<p style=\"text-align: center;\">\n<h3>ISK Watercross by<\/h3>\n\t\t<style>\n\t\t\t#wpls-logo-showcase-slider-1 .wpls-fix-box,\n\t\t\t#wpls-logo-showcase-slider-1 .wpls-fix-box img.wp-post-image{max-height:250px; }\n\t\t<\/style>\n\t\t<div class=\"wpls-wrap wpls-logo-showcase-slider-wrp wpls-logo-clearfix wpls-design-1 \" data-conf=\"{&quot;slides_column&quot;:&quot;4&quot;,&quot;slides_scroll&quot;:1,&quot;dots&quot;:&quot;true&quot;,&quot;arrows&quot;:&quot;true&quot;,&quot;autoplay&quot;:&quot;true&quot;,&quot;autoplay_interval&quot;:3000,&quot;loop&quot;:&quot;true&quot;,&quot;rtl&quot;:&quot;false&quot;,&quot;speed&quot;:800,&quot;center_mode&quot;:&quot;false&quot;,&quot;lazyload&quot;:&quot;&quot;}\">\n\t\t\t<div class=\"wpls-logo-showcase logo_showcase wpls-logo-slider  sliderimage_hide_border \" id=\"wpls-logo-showcase-slider-1\" >\n\t\t\t\t<div class=\"wpls-logo-cnt\">\n\t<div class=\"wpls-fix-box\">\n\t\t\t\t<a href=\"https:\/\/www.kelkkakuume.com\/\" target=\"_self\">\n\t\t\t<img class=\"wp-post-image\"  src=\"http:\/\/www.iiseudunkelkkailijat.com\/watercross\/wp-content\/uploads\/2018\/04\/kelkkakuume-1.png\" alt=\"\" \/>\n\t\t<\/a>\n\t\t\t<\/div>\n\t<\/div><div class=\"wpls-logo-cnt\">\n\t<div class=\"wpls-fix-box\">\n\t\t\t\t<a href=\"https:\/\/www.venekuume.com\/\" target=\"_self\">\n\t\t\t<img class=\"wp-post-image\"  src=\"http:\/\/www.iiseudunkelkkailijat.com\/watercross\/wp-content\/uploads\/2018\/04\/venekuume-1.png\" alt=\"\" \/>\n\t\t<\/a>\n\t\t\t<\/div>\n\t<\/div><div class=\"wpls-logo-cnt\">\n\t<div class=\"wpls-fix-box\">\n\t\t\t\t<a href=\"http:\/\/fi.sea-doo.com\/\" target=\"_self\">\n\t\t\t<img class=\"wp-post-image\"  src=\"http:\/\/www.iiseudunkelkkailijat.com\/watercross\/wp-content\/uploads\/2018\/05\/sea-doo.png\" alt=\"\" \/>\n\t\t<\/a>\n\t\t\t<\/div>\n\t<\/div><div class=\"wpls-logo-cnt\">\n\t<div class=\"wpls-fix-box\">\n\t\t\t\t<a href=\"http:\/\/www.moottoriliitto.fi\/\" target=\"_self\">\n\t\t\t<img class=\"wp-post-image\"  src=\"http:\/\/www.iiseudunkelkkailijat.com\/watercross\/wp-content\/uploads\/2018\/05\/sml.png\" alt=\"\" \/>\n\t\t<\/a>\n\t\t\t<\/div>\n\t<\/div><div class=\"wpls-logo-cnt\">\n\t<div class=\"wpls-fix-box\">\n\t\t\t\t<a href=\"http:\/\/tarvikekeskusoy.fi\" target=\"_self\">\n\t\t\t<img class=\"wp-post-image\"  src=\"http:\/\/www.iiseudunkelkkailijat.com\/watercross\/wp-content\/uploads\/2018\/06\/Tarvikekeskus50x10-170px-1.jpg\" alt=\"\" \/>\n\t\t<\/a>\n\t\t\t<\/div>\n\t<\/div><div class=\"wpls-logo-cnt\">\n\t<div class=\"wpls-fix-box\">\n\t\t\t\t<a href=\"https:\/\/goo.gl\/maps\/jb16UggTurNgVp7o9\" target=\"_self\">\n\t\t\t<img class=\"wp-post-image\"  src=\"http:\/\/www.iiseudunkelkkailijat.com\/watercross\/wp-content\/uploads\/2019\/06\/iin_autotarvike_small.jpg\" alt=\"\" \/>\n\t\t<\/a>\n\t\t\t<\/div>\n\t<\/div><div class=\"wpls-logo-cnt\">\n\t<div class=\"wpls-fix-box\">\n\t\t\t\t<a href=\"https:\/\/goo.gl\/maps\/SjYh6mFbZ317ZYWp6\" target=\"_self\">\n\t\t\t<img class=\"wp-post-image\"  src=\"http:\/\/www.iiseudunkelkkailijat.com\/watercross\/wp-content\/uploads\/2019\/06\/Iin-kotipitsa-1.jpg\" alt=\"\" \/>\n\t\t<\/a>\n\t\t\t<\/div>\n\t<\/div><div class=\"wpls-logo-cnt\">\n\t<div class=\"wpls-fix-box\">\n\t\t\t\t<a href=\"https:\/\/www.neste.fi\/asema\/neste-ii-kauppatie\" target=\"_self\">\n\t\t\t<img class=\"wp-post-image\"  src=\"http:\/\/www.iiseudunkelkkailijat.com\/watercross\/wp-content\/uploads\/2019\/06\/NESTE_NENONEN.jpg\" alt=\"\" \/>\n\t\t<\/a>\n\t\t\t<\/div>\n\t<\/div>\t\t\t<\/div>\n\t\t<\/div>\n\n\t\t\n","protected":false},"excerpt":{"rendered":"<p>Watercross on suljetulla vesialueella moottorikelkalla veden p\u00e4\u00e4ll\u00e4 ajettava watercross-kilpailu. Watercross ajetaan Iijoella ensimm\u00e4ist\u00e4 kertaa. L\u00e4ht\u00f6- ja maali alueet sijaitsevat Vihkosaaren uimarannalla. Kilpailut ovat avoimet tehdasvalmisteisille ja itse rakennetuille moottorikelkoille, jotka t\u00e4ytt\u00e4v\u00e4t Suomen moottoriliiton turvallisuusvaatimukset ja urheilus\u00e4\u00e4nn\u00f6st\u00f6n vaatimukset. Moottorit ovat joko 2-tahtisia tai 4-tahtisia. Moottorikelkoissa on erityiset m\u00e4\u00e4r\u00e4ykset mm. \u00e4\u00e4nen, polttoaineen, \u00f6ljyjen osalta, siten ett\u00e4 niiden [&hellip;]<\/p>\n","protected":false},"author":1,"featured_media":0,"parent":0,"menu_order":0,"comment_status":"closed","ping_status":"open","template":"","meta":[],"_links":{"self":[{"href":"http:\/\/www.iiseudunkelkkailijat.com\/watercross\/wp-json\/wp\/v2\/pages\/283"}],"collection":[{"href":"http:\/\/www.iiseudunkelkkailijat.com\/watercross\/wp-json\/wp\/v2\/pages"}],"about":[{"href":"http:\/\/www.iiseudunkelkkailijat.com\/watercross\/wp-json\/wp\/v2\/types\/page"}],"author":[{"embeddable":true,"href":"http:\/\/www.iiseudunkelkkailijat.com\/watercross\/wp-json\/wp\/v2\/users\/1"}],"replies":[{"embeddable":true,"href":"http:\/\/www.iiseudunkelkkailijat.com\/watercross\/wp-json\/wp\/v2\/comments?post=283"}],"version-history":[{"count":1,"href":"http:\/\/www.iiseudunkelkkailijat.com\/watercross\/wp-json\/wp\/v2\/pages\/283\/revisions"}],"predecessor-version":[{"id":354,"href":"http:\/\/www.iiseudunkelkkailijat.com\/watercross\/wp-json\/wp\/v2\/pages\/283\/revisions\/354"}],"wp:attachment":[{"href":"http:\/\/www.iiseudunkelkkailijat.com\/watercross\/wp-json\/wp\/v2\/media?parent=283"}],"curies":[{"name":"wp","href":"https:\/\/api.w.org\/{rel}","templated":true}]}}