{"id":328,"date":"2018-07-01T18:36:22","date_gmt":"2018-07-01T18:36:22","guid":{"rendered":"http:\/\/www.iiseudunkelkkailijat.com\/watercross\/?page_id=328"},"modified":"2018-07-01T18:37:28","modified_gmt":"2018-07-01T18:37:28","slug":"palaute","status":"publish","type":"page","link":"http:\/\/www.iiseudunkelkkailijat.com\/watercross\/palaute\/","title":{"rendered":"Palaute"},"content":{"rendered":"<p>Tapahtuman j\u00e4rjest\u00e4j\u00e4 haluaa parantaa tapahtuman sis\u00e4lt\u00f6\u00e4 ja olosuhteita tuleville vuosille kilpailijoita sek\u00e4 yleis\u00f6lt\u00e4 saadun palautteen perusteella.<\/p>\n<p>Toki monta asiaa jo osataan ottaa huomioon, mutta kaikenlainen palaute on tervetullutta.<\/p>\n<p>&nbsp;<\/p>\n<div role=\"form\" class=\"wpcf7\" id=\"wpcf7-f327-o1\" lang=\"fi\" dir=\"ltr\">\n<div class=\"screen-reader-response\"><\/div>\n<form action=\"\/watercross\/wp-json\/wp\/v2\/pages\/328#wpcf7-f327-o1\" method=\"post\" class=\"wpcf7-form\" novalidate=\"novalidate\">\n<div style=\"display: none;\">\n<input type=\"hidden\" name=\"_wpcf7\" value=\"327\" \/>\n<input type=\"hidden\" name=\"_wpcf7_version\" value=\"5.1.4\" \/>\n<input type=\"hidden\" name=\"_wpcf7_locale\" value=\"fi\" \/>\n<input type=\"hidden\" name=\"_wpcf7_unit_tag\" value=\"wpcf7-f327-o1\" \/>\n<input type=\"hidden\" name=\"_wpcf7_container_post\" value=\"0\" \/>\n<\/div>\n<p>Ainut pakollinen tieto on rooli, kilpailija\/katsoja\/toimitsija <\/p>\n<p>Nimi<br \/>\n    <span class=\"wpcf7-form-control-wrap Nimi\"><input type=\"text\" name=\"Nimi\" value=\"\" size=\"40\" class=\"wpcf7-form-control wpcf7-text\" aria-invalid=\"false\" \/><\/span> <\/p>\n<p>S\u00e4hk\u00f6posti<br \/>\n    <span class=\"wpcf7-form-control-wrap email\"><input type=\"email\" name=\"email\" value=\"\" size=\"40\" class=\"wpcf7-form-control wpcf7-text wpcf7-email wpcf7-validates-as-email\" aria-invalid=\"false\" \/><\/span> <\/p>\n<p>Oletko (pakollinen)<br \/>\n<span class=\"wpcf7-form-control-wrap radio-460\"><span class=\"wpcf7-form-control wpcf7-radio\"><span class=\"wpcf7-list-item first\"><input type=\"radio\" name=\"radio-460\" value=\"Kilpailija-\/tiimiss\u00e4\" checked=\"checked\" \/><span class=\"wpcf7-list-item-label\">Kilpailija-\/tiimiss\u00e4<\/span><\/span><span class=\"wpcf7-list-item\"><input type=\"radio\" name=\"radio-460\" value=\"Katsoja\" \/><span class=\"wpcf7-list-item-label\">Katsoja<\/span><\/span><span class=\"wpcf7-list-item last\"><input type=\"radio\" name=\"radio-460\" value=\"Toimitsja\" \/><span class=\"wpcf7-list-item-label\">Toimitsja<\/span><\/span><\/span><\/span><\/p>\n<p>Mitk\u00e4 asiat vaatii parannettaavaa ja kehitystoiveet?<br \/>\n<span class=\"wpcf7-form-control-wrap risut\"><textarea name=\"risut\" cols=\"40\" rows=\"10\" class=\"wpcf7-form-control wpcf7-textarea\" aria-invalid=\"false\"><\/textarea><\/span><\/p>\n<p>Mitk\u00e4 asiat oli toimivia ja muu positiivinen palaute? <br \/>\n<span class=\"wpcf7-form-control-wrap ruusut\"><textarea name=\"ruusut\" cols=\"40\" rows=\"10\" class=\"wpcf7-form-control wpcf7-textarea\" aria-invalid=\"false\"><\/textarea><\/span><\/p>\n<p><span class=\"wpcf7-form-control-wrap quiz-434\"><label><span class=\"wpcf7-quiz-label\">Kirjoita pienill\u00e4 kirjaimilla Suomessa valmistettavien moottorikelkkojen merkki. (Ilves englanniksi \ud83d\ude09 )<\/span> <input type=\"text\" name=\"quiz-434\" size=\"40\" class=\"wpcf7-form-control wpcf7-quiz\" autocomplete=\"off\" aria-required=\"true\" aria-invalid=\"false\" \/><\/label><input type=\"hidden\" name=\"_wpcf7_quiz_answer_quiz-434\" value=\"28e01570e5dd72192a3ec13d803a7d13\" \/><\/span><\/p>\n<p><input type=\"submit\" value=\"L\u00e4het\u00e4\" class=\"wpcf7-form-control wpcf7-submit\" \/><\/p>\n<p style=\"display: none !important;\"><label>&#916;<textarea name=\"_wpcf7_ak_hp_textarea\" cols=\"45\" rows=\"8\" maxlength=\"100\"><\/textarea><\/label><input type=\"hidden\" id=\"ak_js_1\" name=\"_wpcf7_ak_js\" value=\"127\"\/><script>document.getElementById( \"ak_js_1\" ).setAttribute( \"value\", ( new Date() ).getTime() );<\/script><\/p><div class=\"wpcf7-response-output wpcf7-display-none\"><\/div><\/form><\/div>\n","protected":false},"excerpt":{"rendered":"<p>Tapahtuman j\u00e4rjest\u00e4j\u00e4 haluaa parantaa tapahtuman sis\u00e4lt\u00f6\u00e4 ja olosuhteita tuleville vuosille kilpailijoita sek\u00e4 yleis\u00f6lt\u00e4 saadun palautteen perusteella. Toki monta asiaa jo osataan ottaa huomioon, mutta kaikenlainen palaute on tervetullutta. &nbsp;<\/p>\n","protected":false},"author":1,"featured_media":0,"parent":0,"menu_order":0,"comment_status":"closed","ping_status":"closed","template":"","meta":[],"_links":{"self":[{"href":"http:\/\/www.iiseudunkelkkailijat.com\/watercross\/wp-json\/wp\/v2\/pages\/328"}],"collection":[{"href":"http:\/\/www.iiseudunkelkkailijat.com\/watercross\/wp-json\/wp\/v2\/pages"}],"about":[{"href":"http:\/\/www.iiseudunkelkkailijat.com\/watercross\/wp-json\/wp\/v2\/types\/page"}],"author":[{"embeddable":true,"href":"http:\/\/www.iiseudunkelkkailijat.com\/watercross\/wp-json\/wp\/v2\/users\/1"}],"replies":[{"embeddable":true,"href":"http:\/\/www.iiseudunkelkkailijat.com\/watercross\/wp-json\/wp\/v2\/comments?post=328"}],"version-history":[{"count":4,"href":"http:\/\/www.iiseudunkelkkailijat.com\/watercross\/wp-json\/wp\/v2\/pages\/328\/revisions"}],"predecessor-version":[{"id":336,"href":"http:\/\/www.iiseudunkelkkailijat.com\/watercross\/wp-json\/wp\/v2\/pages\/328\/revisions\/336"}],"wp:attachment":[{"href":"http:\/\/www.iiseudunkelkkailijat.com\/watercross\/wp-json\/wp\/v2\/media?parent=328"}],"curies":[{"name":"wp","href":"https:\/\/api.w.org\/{rel}","templated":true}]}}